{"id":297,"date":"2018-06-05T07:46:41","date_gmt":"2018-06-05T07:46:41","guid":{"rendered":"https:\/\/tornilloscasablanca.com.mx\/index.php\/power-energy\/"},"modified":"2025-02-19T21:41:42","modified_gmt":"2025-02-19T21:41:42","slug":"power-energy","status":"publish","type":"page","link":"https:\/\/tornilloscasablanca.com.mx\/","title":{"rendered":"Power&#038;Energy"},"content":{"rendered":"<div class=\"wpb-content-wrapper\">[vc_row equal_height=&#8221;yes&#8221; css_animation=&#8221;slideInDown&#8221;][vc_column]<div class=\"cws_spacing cws_spacing_size_sm_desctop-on cws_spacing_tablet-on cws_spacing_mobile-on\"><div class=\"cws_spacing cws_spacing_default\" style=\"height:90px;\"><\/div> <div class=\"cws_spacing cws_spacing_size_sm_desctop\" style=\"height:90px;\"><\/div> <div class=\"cws_spacing cws_spacing_tablet\" style=\"height:50px;\"><\/div> <div class=\"cws_spacing cws_spacing_mobile\" style=\"height:20px;\"><\/div><\/div>[vc_row_inner el_id=&#8221;somos&#8221;][vc_column_inner width=&#8221;1\/2&#8243; mobile_paddings=&#8221;40px 20px 0px 20px&#8221; css=&#8221;.vc_custom_1538380929807{padding-top: 1px !important;}&#8221;]<div class='cws_textmodule cws_vc_shortcode_module' id='cws_textmodule_69e1f3f23fa22'><div class='cws_textmodule_wrapper add_divider'><div class='cws_textmodule_text text_align_left'><div class='cws_textmodule_titles display_block'><h3 class='cws_textmodule_title'>Quienes <strong>Somos<\/strong><\/h3><\/div><div class='cws_textmodule_content'><div class='text_content_wrapper'><p>En Tornillos Casa Blanca, somos m\u00e1s que una empresa; somos un equipo apasionado, comprometido y basado en valores que ha hecho de la calidad y el servicio nuestro sello distintivo. Nos dedicamos con orgullo a la distribuci\u00f3n y comercializaci\u00f3n de torniller\u00eda y herramientas de las marcas m\u00e1s reconocidas y confiables del mercado. No solo vendemos productos, sino que ofrecemos soluciones integrales para cada necesidad, desde lo m\u00e1s cotidiano hasta lo m\u00e1s especializado.<\/p>\n<div class='cws_custom_button_wrapper simple'><span><a  class='cws_custom_button'><\/a><\/span><\/div><\/div><\/div><\/div><\/div><\/div>[\/vc_column_inner][vc_column_inner width=&#8221;1\/2&#8243; place_ahead=&#8221;1&#8243; mobile_paddings=&#8221;300px 0px 0px 0px&#8221; inner_col_bg_repeat=&#8221;no-repeat&#8221; inner_col_bg_size=&#8221;cover&#8221; inner_col_bg_position=&#8221;center_center&#8221;][vc_single_image image=&#8221;4038&#8243; img_size=&#8221;full&#8221; css=&#8221;&#8221;][\/vc_column_inner][\/vc_row_inner][vc_row_inner][vc_column_inner width=&#8221;1\/2&#8243; mobile_paddings=&#8221;40px 20px 0px 20px&#8221; css=&#8221;.vc_custom_1538380929807{padding-top: 1px !important;}&#8221;][vc_single_image image=&#8221;4039&#8243; img_size=&#8221;full&#8221; css=&#8221;&#8221;][\/vc_column_inner][vc_column_inner width=&#8221;1\/2&#8243; place_ahead=&#8221;1&#8243; mobile_paddings=&#8221;300px 0px 0px 0px&#8221; inner_col_bg_repeat=&#8221;no-repeat&#8221; inner_col_bg_size=&#8221;cover&#8221; inner_col_bg_position=&#8221;center_center&#8221;]<div class='cws_textmodule cws_vc_shortcode_module' id='cws_textmodule_69e1f3f23fb5b'><div class='cws_textmodule_wrapper add_divider'><div class='cws_textmodule_text text_align_left'><div class='cws_textmodule_titles display_block'><h3 class='cws_textmodule_title'>Qu\u00e9 <strong>Ofrecemos<\/strong><\/h3><\/div><div class='cws_textmodule_content'><div class='text_content_wrapper'><p>Sabemos que cada proyecto es \u00fanico, y por eso, en Tornillos Casa Blanca, contamos con un cat\u00e1logo diverso y completo. Ya sea que necesites tornillos para una reparaci\u00f3n en casa, herramientas para un proyecto industrial o insumos para un trabajo especializado, tenemos lo que buscas. Nuestro compromiso es brindarte <strong>productos de la m\u00e1s alta calidad<\/strong>, asegurando que cada pieza que adquieras cumpla con los est\u00e1ndares m\u00e1s exigentes.<\/p>\n<div class='cws_custom_button_wrapper simple'><span><a  class='cws_custom_button'><\/a><\/span><\/div><\/div><\/div><\/div><\/div><\/div>[\/vc_column_inner][\/vc_row_inner]<div class=\"cws_spacing cws_spacing_size_sm_desctop-on cws_spacing_tablet-on cws_spacing_mobile-on\"><div class=\"cws_spacing cws_spacing_default\" style=\"height:90px;\"><\/div> <div class=\"cws_spacing cws_spacing_size_sm_desctop\" style=\"height:90px;\"><\/div> <div class=\"cws_spacing cws_spacing_tablet\" style=\"height:0px;\"><\/div> <div class=\"cws_spacing cws_spacing_mobile\" style=\"height:0px;\"><\/div><\/div>[\/vc_column][\/vc_row][vc_row full_width=&#8221;stretch_row&#8221; css_animation=&#8221;slideInRight&#8221; bg_cws_repeat=&#8221;no-repeat&#8221; bg_cws_size=&#8221;cover&#8221; bg_image_position=&#8221;center_bottom&#8221; bg_cws_color=&#8221;color&#8221; cws_overlay_color=&#8221;rgba(37,37,37,0.7)&#8221; css=&#8221;.vc_custom_1723741167932{background-image: url(https:\/\/tornilloscasablanca.com.mx\/wp-content\/uploads\/2018\/08\/gray_51437565.jpg?id=2513) !important;}&#8221; el_id=&#8221;compromiso&#8221;][vc_column]<div class=\"cws_spacing cws_spacing_size_sm_desctop-on cws_spacing_tablet-on cws_spacing_mobile-on\"><div class=\"cws_spacing cws_spacing_default\" style=\"height:50px;\"><\/div> <div class=\"cws_spacing cws_spacing_size_sm_desctop\" style=\"height:160px;\"><\/div> <div class=\"cws_spacing cws_spacing_tablet\" style=\"height:100px;\"><\/div> <div class=\"cws_spacing cws_spacing_mobile\" style=\"height:40px;\"><\/div><\/div><div class='cws_textmodule cws_vc_shortcode_module  vc_custom_1739296978611' id='cws_textmodule_69e1f3f23fc7a'><div class='cws_textmodule_wrapper '><div class='cws_textmodule_text text_align_center'><div class='cws_textmodule_titles display_block'><h1 class='cws_textmodule_title'><strong>Nuestras Marcas<\/strong><\/h1><\/div><div class='cws_textmodule_content'><div class='text_content_wrapper'><p style=\"text-align: center;\">En Tornillos Casa Blanca, <strong>tu satisfacci\u00f3n es nuestra prioridad<\/strong>. Nos esforzamos cada d\u00eda por ofrecerte el mejor servicio, desde la atenci\u00f3n personalizada hasta la rapidez en la entrega. Creemos firmemente en la importancia de crear relaciones de confianza con nuestros clientes, basadas en la honestidad, la responsabilidad y la excelencia.<\/p>\n<\/div><\/div><\/div><\/div><\/div>[vc_row_inner][vc_column_inner offset=&#8221;vc_col-xs-12&#8243;][vc_media_grid element_width=&#8221;3&#8243; gap=&#8221;15&#8243; item=&#8221;masonryMedia_Default&#8221; css=&#8221;&#8221; grid_id=&#8221;vc_gid:1740000621351-b464bd20-c187-1&#8243; include=&#8221;4004,4005,4006,4007,4008,4010,4012,4013,4014,4015,4016,4017,4018,4030&#8243;][\/vc_column_inner][\/vc_row_inner]<div class=\"cws_spacing cws_spacing_size_sm_desctop-on cws_spacing_tablet-on cws_spacing_mobile-on\"><div class=\"cws_spacing cws_spacing_default\" style=\"height:170px;\"><\/div> <div class=\"cws_spacing cws_spacing_size_sm_desctop\" style=\"height:170px;\"><\/div> <div class=\"cws_spacing cws_spacing_tablet\" style=\"height:100px;\"><\/div> <div class=\"cws_spacing cws_spacing_mobile\" style=\"height:40px;\"><\/div><\/div>[\/vc_column][\/vc_row][vc_row full_width=&#8221;stretch_row&#8221; css_animation=&#8221;slideInUp&#8221; css=&#8221;.vc_custom_1538987450861{background-color: #f0f1f5 !important;}&#8221;][vc_column]<div class=\"cws_spacing cws_spacing_size_sm_desctop-on cws_spacing_tablet-on cws_spacing_mobile-on\"><div class=\"cws_spacing cws_spacing_default\" style=\"height:90px;\"><\/div> <div class=\"cws_spacing cws_spacing_size_sm_desctop\" style=\"height:90px;\"><\/div> <div class=\"cws_spacing cws_spacing_tablet\" style=\"height:90px;\"><\/div> <div class=\"cws_spacing cws_spacing_mobile\" style=\"height:50px;\"><\/div><\/div><div class='cws_textmodule cws_vc_shortcode_module' id='cws_textmodule_69e1f3f23fd4c'><div class='cws_textmodule_wrapper add_divider'><div class='cws_textmodule_text text_align_center'><div class='cws_textmodule_titles display_block'><h3 class='cws_textmodule_title'>\u00bfPor Qu\u00e9 <strong>Elegirnos?<\/strong><\/h3><\/div><\/div><\/div><\/div>[vc_row_inner][vc_column_inner width=&#8221;1\/3&#8243;]<div id='cws_service_item_69e1f3f23fe43' class='cws_service_item cws_vc_shortcode_module title_under animate_divider a-center add_hover  vc_custom_1723659689455'><div class='cws_service_item_wrapper clearfix'><h6 class='cws_service_title'><span class='service_title_wrapper'>Variedad y Calidad:<span class='divider divider_center'><\/span><\/span><\/h6><div class='cws_service_info'><div class='cws_service_desc clearfix'><ul>\n<li>Trabajamos con las marcas m\u00e1s importantes y confiables del mercado, garantizando productos duraderos y de alto rendimiento.<\/li>\n<\/ul>\n<\/div><\/div><\/div><\/div>[\/vc_column_inner][vc_column_inner width=&#8221;1\/3&#8243;]<div id='cws_service_item_69e1f3f23ff6f' class='cws_service_item cws_vc_shortcode_module title_under animate_divider a-center add_hover  vc_custom_1723659679420'><div class='cws_service_item_wrapper clearfix'><h6 class='cws_service_title'><span class='service_title_wrapper'>Servicio Personalizado<span class='divider divider_center'><\/span><\/span><\/h6><div class='cws_service_info'><div class='cws_service_desc clearfix'><ul>\n<li>Entendemos tus necesidades y te ofrecemos asesor\u00eda para que encuentres exactamente lo que buscas.<\/li>\n<\/ul>\n<\/div><\/div><\/div><\/div>[\/vc_column_inner][vc_column_inner width=&#8221;1\/3&#8243;]<div id='cws_service_item_69e1f3f240069' class='cws_service_item cws_vc_shortcode_module title_under animate_divider a-center add_hover  vc_custom_1723659671237'><div class='cws_service_item_wrapper clearfix'><h6 class='cws_service_title'><span class='service_title_wrapper'>Compromiso con la Excelencia<span class='divider divider_center'><\/span><\/span><\/h6><div class='cws_service_info'><div class='cws_service_desc clearfix'><ul>\n<li>Nos apasiona lo que hacemos y eso se refleja en cada tornillo y herramienta que ponemos en tus manos.<\/li>\n<\/ul>\n<\/div><\/div><\/div><\/div>[\/vc_column_inner][\/vc_row_inner]<div class=\"cws_spacing cws_spacing_size_sm_desctop-on cws_spacing_tablet-on cws_spacing_mobile-on\"><div class=\"cws_spacing cws_spacing_default\" style=\"height:120px;\"><\/div> <div class=\"cws_spacing cws_spacing_size_sm_desctop\" style=\"height:120px;\"><\/div> <div class=\"cws_spacing cws_spacing_tablet\" style=\"height:90px;\"><\/div> <div class=\"cws_spacing cws_spacing_mobile\" style=\"height:50px;\"><\/div><\/div>[\/vc_column][\/vc_row][vc_row full_width=&#8221;stretch_row&#8221; equal_height=&#8221;yes&#8221; bg_cws_repeat=&#8221;no-repeat&#8221; bg_cws_size=&#8221;cover&#8221; bg_image_position=&#8221;center_bottom&#8221; bg_cws_color=&#8221;color&#8221; cws_overlay_color=&#8221;rgba(29,45,70,0.85)&#8221; css=&#8221;.vc_custom_1723741184800{background-image: url(https:\/\/tornilloscasablanca.com.mx\/wp-content\/uploads\/2024\/06\/870.jpg?id=126) !important;}&#8221; el_id=&#8221;sucursales&#8221;][vc_column width=&#8221;1\/4&#8243;][vc_single_image image=&#8221;96&#8243; img_size=&#8221;medium&#8221; css=&#8221;&#8221;]<div class='cws_textmodule cws_vc_shortcode_module' id='cws_textmodule_69e1f3f240150'><div class='cws_textmodule_wrapper '><div class='cws_textmodule_text text_align_center'><div class='cws_textmodule_titles display_block'><\/div><div class='cws_textmodule_content'><div class='text_content_wrapper'><p style=\"text-align: center;\">Santa Rosa<\/p>\n<p style=\"text-align: center;\">El Puerto, 76220 Santiago de Quer\u00e9taro, Qro.<\/p>\n<\/div><\/div><\/div><\/div><\/div>[\/vc_column][vc_column width=&#8221;1\/4&#8243;][vc_single_image image=&#8221;95&#8243; img_size=&#8221;medium&#8221; css=&#8221;&#8221;]<div class='cws_textmodule cws_vc_shortcode_module' id='cws_textmodule_69e1f3f240207'><div class='cws_textmodule_wrapper '><div class='cws_textmodule_text text_align_center'><div class='cws_textmodule_titles display_block'><\/div><div class='cws_textmodule_content'><div class='text_content_wrapper'><p style=\"text-align: center;\">Conin<\/p>\n<p style=\"text-align: center;\">Carretera M\u00e9xico- Queretaro km 202+080 s\/n, Cumbres de Conin, L\u00e1zaro C\u00e1rdenas, 76246 Santiago de Quer\u00e9taro, Qro.<\/p>\n<\/div><\/div><\/div><\/div><\/div>[\/vc_column][vc_column width=&#8221;1\/4&#8243;][vc_single_image image=&#8221;94&#8243; img_size=&#8221;medium&#8221; css=&#8221;&#8221;]<div class='cws_textmodule cws_vc_shortcode_module' id='cws_textmodule_69e1f3f2402b4'><div class='cws_textmodule_wrapper '><div class='cws_textmodule_text text_align_center'><div class='cws_textmodule_titles display_block'><\/div><div class='cws_textmodule_content'><div class='text_content_wrapper'><p style=\"text-align: center;\">El Pueblito<\/p>\n<p style=\"text-align: center;\">Sin nombre No. 117 KM1.25_2, Las Fuentes, 76900 El Pueblito, Qro.<\/p>\n<\/div><\/div><\/div><\/div><\/div>[\/vc_column][vc_column width=&#8221;1\/4&#8243;][vc_single_image image=&#8221;3946&#8243; img_size=&#8221;medium&#8221; css=&#8221;&#8221;]<div class='cws_textmodule cws_vc_shortcode_module' id='cws_textmodule_69e1f3f2403a3'><div class='cws_textmodule_wrapper '><div class='cws_textmodule_text text_align_center'><div class='cws_textmodule_titles display_block'><\/div><div class='cws_textmodule_content'><div class='text_content_wrapper'><p style=\"text-align: center;\">Casa Blanca<\/p>\n<p style=\"text-align: center;\">Reforma Agraria 14, Casa Blanca, 76030 Santiago de Quer\u00e9taro, Qro.<\/p>\n<\/div><\/div><\/div><\/div><\/div>[\/vc_column][vc_column]<div class='cws_textmodule cws_vc_shortcode_module' id='cws_textmodule_69e1f3f240440'><div class='cws_textmodule_wrapper add_divider'><div class='cws_textmodule_text text_align_center'><div class='cws_textmodule_titles display_block'><h3 class='cws_textmodule_title'><strong>Sucursales<\/strong><\/h3><\/div><\/div><\/div><\/div>[\/vc_column][\/vc_row]\n<\/div>","protected":false},"excerpt":{"rendered":"<p>[vc_row equal_height=&#8221;yes&#8221; css_animation=&#8221;slideInDown&#8221;][vc_column][vc_row_inner el_id=&#8221;somos&#8221;][vc_column_inner width=&#8221;1\/2&#8243; mobile_paddings=&#8221;40px 20px 0px 20px&#8221; css=&#8221;.vc_custom_1538380929807{padding-top: 1px !important;}&#8221;][\/vc_column_inner][vc_column_inner width=&#8221;1\/2&#8243; place_ahead=&#8221;1&#8243; mobile_paddings=&#8221;300px 0px 0px 0px&#8221; inner_col_bg_repeat=&#8221;no-repeat&#8221; inner_col_bg_size=&#8221;cover&#8221; inner_col_bg_position=&#8221;center_center&#8221;][vc_single_image image=&#8221;4038&#8243; img_size=&#8221;full&#8221; css=&#8221;&#8221;][\/vc_column_inner][\/vc_row_inner][vc_row_inner][vc_column_inner width=&#8221;1\/2&#8243; mobile_paddings=&#8221;40px 20px 0px 20px&#8221; css=&#8221;.vc_custom_1538380929807{padding-top: 1px !important;}&#8221;][vc_single_image image=&#8221;4039&#8243; img_size=&#8221;full&#8221; css=&#8221;&#8221;][\/vc_column_inner][vc_column_inner width=&#8221;1\/2&#8243; place_ahead=&#8221;1&#8243; mobile_paddings=&#8221;300px 0px 0px 0px&#8221; inner_col_bg_repeat=&#8221;no-repeat&#8221; inner_col_bg_size=&#8221;cover&#8221; inner_col_bg_position=&#8221;center_center&#8221;][\/vc_column_inner][\/vc_row_inner][\/vc_column][\/vc_row][vc_row full_width=&#8221;stretch_row&#8221; css_animation=&#8221;slideInRight&#8221; bg_cws_repeat=&#8221;no-repeat&#8221; bg_cws_size=&#8221;cover&#8221; bg_image_position=&#8221;center_bottom&#8221; bg_cws_color=&#8221;color&#8221; cws_overlay_color=&#8221;rgba(37,37,37,0.7)&#8221; css=&#8221;.vc_custom_1723741167932{background-image: url(https:\/\/tornilloscasablanca.com.mx\/wp-content\/uploads\/2018\/08\/gray_51437565.jpg?id=2513) !important;}&#8221; el_id=&#8221;compromiso&#8221;][vc_column][vc_row_inner][vc_column_inner offset=&#8221;vc_col-xs-12&#8243;][vc_media_grid element_width=&#8221;3&#8243; gap=&#8221;15&#8243; item=&#8221;masonryMedia_Default&#8221; css=&#8221;&#8221; grid_id=&#8221;vc_gid:1740000621351-b464bd20-c187-1&#8243; include=&#8221;4004,4005,4006,4007,4008,4010,4012,4013,4014,4015,4016,4017,4018,4030&#8243;][\/vc_column_inner][\/vc_row_inner][\/vc_column][\/vc_row][vc_row full_width=&#8221;stretch_row&#8221; css_animation=&#8221;slideInUp&#8221; css=&#8221;.vc_custom_1538987450861{background-color: #f0f1f5 !important;}&#8221;][vc_column][vc_row_inner][vc_column_inner width=&#8221;1\/3&#8243;][\/vc_column_inner][vc_column_inner width=&#8221;1\/3&#8243;][\/vc_column_inner][vc_column_inner width=&#8221;1\/3&#8243;][\/vc_column_inner][\/vc_row_inner][\/vc_column][\/vc_row][vc_row full_width=&#8221;stretch_row&#8221; equal_height=&#8221;yes&#8221; bg_cws_repeat=&#8221;no-repeat&#8221; bg_cws_size=&#8221;cover&#8221; bg_image_position=&#8221;center_bottom&#8221; bg_cws_color=&#8221;color&#8221; cws_overlay_color=&#8221;rgba(29,45,70,0.85)&#8221; css=&#8221;.vc_custom_1723741184800{background-image: url(https:\/\/tornilloscasablanca.com.mx\/wp-content\/uploads\/2024\/06\/870.jpg?id=126) !important;}&#8221; el_id=&#8221;sucursales&#8221;][vc_column width=&#8221;1\/4&#8243;][vc_single_image image=&#8221;96&#8243; img_size=&#8221;medium&#8221; css=&#8221;&#8221;][\/vc_column][vc_column width=&#8221;1\/4&#8243;][vc_single_image image=&#8221;95&#8243; img_size=&#8221;medium&#8221; css=&#8221;&#8221;][\/vc_column][vc_column width=&#8221;1\/4&#8243;][vc_single_image image=&#8221;94&#8243; img_size=&#8221;medium&#8221; css=&#8221;&#8221;][\/vc_column][vc_column width=&#8221;1\/4&#8243;][vc_single_image image=&#8221;3946&#8243; img_size=&#8221;medium&#8221; css=&#8221;&#8221;][\/vc_column][vc_column][\/vc_column][\/vc_row]<\/p>\n","protected":false},"author":1,"featured_media":0,"parent":0,"menu_order":0,"comment_status":"closed","ping_status":"closed","template":"","meta":{"footnotes":""},"class_list":["post-297","page","type-page","status-publish","hentry"],"_links":{"self":[{"href":"https:\/\/tornilloscasablanca.com.mx\/index.php\/wp-json\/wp\/v2\/pages\/297","targetHints":{"allow":["GET"]}}],"collection":[{"href":"https:\/\/tornilloscasablanca.com.mx\/index.php\/wp-json\/wp\/v2\/pages"}],"about":[{"href":"https:\/\/tornilloscasablanca.com.mx\/index.php\/wp-json\/wp\/v2\/types\/page"}],"author":[{"embeddable":true,"href":"https:\/\/tornilloscasablanca.com.mx\/index.php\/wp-json\/wp\/v2\/users\/1"}],"replies":[{"embeddable":true,"href":"https:\/\/tornilloscasablanca.com.mx\/index.php\/wp-json\/wp\/v2\/comments?post=297"}],"version-history":[{"count":17,"href":"https:\/\/tornilloscasablanca.com.mx\/index.php\/wp-json\/wp\/v2\/pages\/297\/revisions"}],"predecessor-version":[{"id":4041,"href":"https:\/\/tornilloscasablanca.com.mx\/index.php\/wp-json\/wp\/v2\/pages\/297\/revisions\/4041"}],"wp:attachment":[{"href":"https:\/\/tornilloscasablanca.com.mx\/index.php\/wp-json\/wp\/v2\/media?parent=297"}],"curies":[{"name":"wp","href":"https:\/\/api.w.org\/{rel}","templated":true}]}}