{"id":33,"date":"2023-08-26T01:37:03","date_gmt":"2023-08-26T01:37:03","guid":{"rendered":"https:\/\/tornilloscasablanca.com.mx\/index.php\/home\/"},"modified":"2024-07-25T17:46:08","modified_gmt":"2024-07-25T17:46:08","slug":"home","status":"publish","type":"page","link":"https:\/\/tornilloscasablanca.com.mx\/index.php\/home\/","title":{"rendered":"Home"},"content":{"rendered":"<div class=\"wpb-content-wrapper\">[vc_section][vc_row][vc_column][vc_empty_space][vc_custom_heading text=&#8221;Calidad y Confianza en cada Tornillo&#8221; font_container=&#8221;tag:h2|text_align:center|color:%231e73be&#8221; use_theme_fonts=&#8221;yes&#8221;][vc_column_text]\n<p style=\"text-align: center;\">&#8220;En Tornillos Casa Blanca, sabemos que cada detalle cuenta. Por eso, ofrecemos tornillos y productos ferreteros de alta calidad que garantizan la seguridad y durabilidad de tus proyectos. Conf\u00eda en nosotros para ser tu proveedor de confianza.&#8221;<\/p>\n[\/vc_column_text][\/vc_column][\/vc_row][vc_row][vc_column width=&#8221;1\/2&#8243;][vc_message message_box_style=&#8221;solid-icon&#8221; icon_fontawesome=&#8221;fas fa-phone-alt&#8221;]<a a style=\"color: skyblue;\" href=\"tel:+524425503435\">Cotizaciones 442 550 3435<\/a>[\/vc_message][\/vc_column][vc_column width=&#8221;1\/2&#8243;][vc_message message_box_color=&#8221;sky&#8221; icon_fontawesome=&#8221;fab fa-facebook-square&#8221;]<strong><a style=\"color: skyblue\" href=\"https:\/\/www.facebook.com\/TORNILLOSCASABLANCAQRO\">S\u00edguenos en Facebook<\/a><\/strong>[\/vc_message][\/vc_column][\/vc_row][\/vc_section][vc_section][vc_row][vc_column][vc_empty_space height=&#8221;100px&#8221;][vc_custom_heading text=&#8221;Nuestras Promociones&#8221; font_container=&#8221;tag:h2|text_align:center|color:%231e73be&#8221; use_theme_fonts=&#8221;yes&#8221;][\/vc_column][\/vc_row][vc_row content_placement=&#8221;middle&#8221;][vc_column width=&#8221;1\/5&#8243;][\/vc_column][vc_column width=&#8221;1\/5&#8243;][\/vc_column][vc_column width=&#8221;1\/5&#8243;][dt_sc_button title=&#8221;Ver promociones&#8221; size=&#8221;medium&#8221; style=&#8221;filled&#8221; icon_type=&#8221;&#8221; link=&#8221;url:https%3A%2F%2Flinktr.ee%2Ftornilloscasablanca&#8221;][\/vc_column][vc_column width=&#8221;1\/5&#8243;][\/vc_column][vc_column width=&#8221;1\/5&#8243;][\/vc_column][\/vc_row][\/vc_section][vc_section][vc_row][vc_column][vc_empty_space][vc_custom_heading text=&#8221;Cat\u00e1logo&#8221; font_container=&#8221;tag:h2|text_align:center|color:%231e73be&#8221; use_theme_fonts=&#8221;yes&#8221;][\/vc_column][\/vc_row][vc_row content_placement=&#8221;middle&#8221;][vc_column width=&#8221;1\/5&#8243;][\/vc_column][vc_column width=&#8221;1\/5&#8243;][\/vc_column][vc_column width=&#8221;1\/5&#8243;][dt_sc_button title=&#8221;Ver Cat\u00e1logo&#8221; size=&#8221;medium&#8221; style=&#8221;filled&#8221; icon_type=&#8221;&#8221; link=&#8221;url:https%3A%2F%2Ftornilloscasablanca.com.mx%2Fcatalogo|title:Principal&#8221;][\/vc_column][vc_column width=&#8221;1\/5&#8243;][\/vc_column][vc_column width=&#8221;1\/5&#8243;][\/vc_column][\/vc_row][\/vc_section][vc_section][vc_row][vc_column][vc_empty_space height=&#8221;100px&#8221;][vc_custom_heading text=&#8221;Nuestros Productos&#8221; font_container=&#8221;tag:h2|text_align:center|color:%231e73be&#8221; use_theme_fonts=&#8221;yes&#8221;][vc_column_text]\n<p style=\"text-align: center;\">&#8220;Desde tornillos y tuercas hasta herramientas y accesorios, en Tornillos Casa Blanca tenemos todo lo que necesitas para completar tus proyectos de construcci\u00f3n, reparaci\u00f3n y bricolaje.&#8221;<\/p>\n[\/vc_column_text][\/vc_column][\/vc_row][vc_row][vc_column width=&#8221;1\/5&#8243;][vc_single_image image=&#8221;126&#8243; img_size=&#8221;large&#8221; alignment=&#8221;center&#8221; style=&#8221;vc_box_circle_2&#8243; css_animation=&#8221;fadeIn&#8221;][vc_custom_heading text=&#8221;Tornillos y Tuercas&#8221; font_container=&#8221;tag:h5|text_align:center&#8221; google_fonts=&#8221;font_family:Raleway%3A100%2C200%2C300%2Cregular%2C500%2C600%2C700%2C800%2C900|font_style:700%20bold%20regular%3A700%3Anormal&#8221;][\/vc_column][vc_column width=&#8221;1\/5&#8243;][vc_single_image image=&#8221;131&#8243; img_size=&#8221;large&#8221; alignment=&#8221;center&#8221; style=&#8221;vc_box_circle_2&#8243; css_animation=&#8221;fadeIn&#8221;][vc_custom_heading text=&#8221;Herramientas Manuales&#8221; font_container=&#8221;tag:h5|text_align:center&#8221; google_fonts=&#8221;font_family:Raleway%3A100%2C200%2C300%2Cregular%2C500%2C600%2C700%2C800%2C900|font_style:700%20bold%20regular%3A700%3Anormal&#8221;][\/vc_column][vc_column width=&#8221;1\/5&#8243;][vc_single_image image=&#8221;132&#8243; img_size=&#8221;large&#8221; alignment=&#8221;center&#8221; style=&#8221;vc_box_circle_2&#8243; css_animation=&#8221;fadeIn&#8221;][vc_custom_heading text=&#8221;Herramientas El\u00e9ctricas&#8221; font_container=&#8221;tag:h5|text_align:center&#8221; google_fonts=&#8221;font_family:Raleway%3A100%2C200%2C300%2Cregular%2C500%2C600%2C700%2C800%2C900|font_style:700%20bold%20regular%3A700%3Anormal&#8221;][\/vc_column][vc_column width=&#8221;1\/5&#8243;][vc_single_image image=&#8221;133&#8243; img_size=&#8221;large&#8221; alignment=&#8221;center&#8221; style=&#8221;vc_box_circle_2&#8243; css_animation=&#8221;fadeIn&#8221;][vc_custom_heading text=&#8221;Construcci\u00f3n&#8221; font_container=&#8221;tag:h5|text_align:center&#8221; google_fonts=&#8221;font_family:Raleway%3A100%2C200%2C300%2Cregular%2C500%2C600%2C700%2C800%2C900|font_style:700%20bold%20regular%3A700%3Anormal&#8221;][\/vc_column][vc_column width=&#8221;1\/5&#8243;][vc_single_image image=&#8221;130&#8243; img_size=&#8221;large&#8221; alignment=&#8221;center&#8221; style=&#8221;vc_box_circle_2&#8243; css_animation=&#8221;fadeIn&#8221;][vc_custom_heading text=&#8221;Ferreter\u00eda&#8221; font_container=&#8221;tag:h5|text_align:center&#8221; google_fonts=&#8221;font_family:Raleway%3A100%2C200%2C300%2Cregular%2C500%2C600%2C700%2C800%2C900|font_style:700%20bold%20regular%3A700%3Anormal&#8221;][\/vc_column][\/vc_row][\/vc_section][vc_row][vc_column][vc_empty_space][vc_custom_heading text=&#8221;Sucursales&#8221; font_container=&#8221;tag:h2|text_align:center|color:%231e73be&#8221; use_theme_fonts=&#8221;yes&#8221;][\/vc_column][\/vc_row][vc_row][vc_column width=&#8221;1\/4&#8243;][vc_single_image image=&#8221;96&#8243; img_size=&#8221;MEDIUM&#8221; alignment=&#8221;center&#8221; css_animation=&#8221;bounceIn&#8221;][vc_custom_heading text=&#8221;Santa Rosa&#8221; font_container=&#8221;tag:h5|text_align:center&#8221; use_theme_fonts=&#8221;yes&#8221;][vc_column_text]\n<p style=\"text-align: center;\">El Puerto, 76220 Santiago de Quer\u00e9taro, Qro.<\/p>\n[\/vc_column_text][\/vc_column][vc_column width=&#8221;1\/4&#8243;][vc_single_image image=&#8221;95&#8243; img_size=&#8221;MEDIUM&#8221; alignment=&#8221;center&#8221; css_animation=&#8221;bounceIn&#8221;][vc_custom_heading text=&#8221;Conin&#8221; font_container=&#8221;tag:h5|text_align:center&#8221; use_theme_fonts=&#8221;yes&#8221;][vc_column_text]\n<p style=\"text-align: center;\">Carretera M\u00e9xico- Queretaro km 202+080 s\/n, Cumbres de Conin, L\u00e1zaro C\u00e1rdenas, 76246 Santiago de Quer\u00e9taro, Qro.<\/p>\n[\/vc_column_text][\/vc_column][vc_column width=&#8221;1\/4&#8243;][vc_single_image image=&#8221;94&#8243; img_size=&#8221;MEDIUM&#8221; alignment=&#8221;center&#8221; css_animation=&#8221;bounceIn&#8221;][vc_custom_heading text=&#8221;El Pueblito&#8221; font_container=&#8221;tag:h5|text_align:center&#8221; use_theme_fonts=&#8221;yes&#8221;][vc_column_text]\n<p style=\"text-align: center;\">Sin nombre No. 117 KM1.25_2, Las Fuentes, 76900 El Pueblito, Qro.<\/p>\n[\/vc_column_text][\/vc_column][vc_column width=&#8221;1\/4&#8243;][vc_single_image image=&#8221;91&#8243; img_size=&#8221;MEDIUM&#8221; alignment=&#8221;center&#8221; css_animation=&#8221;bounceIn&#8221;][vc_custom_heading text=&#8221;Casa Blanca&#8221; font_container=&#8221;tag:h5|text_align:center&#8221; use_theme_fonts=&#8221;yes&#8221;][vc_column_text]\n<p style=\"text-align: center;\">C. Reforma Agraria 14, Casa Blanca, 76030 Santiago de Quer\u00e9taro, Qro.<\/p>\n[\/vc_column_text][\/vc_column][\/vc_row]\n<\/div>","protected":false},"excerpt":{"rendered":"<p>[vc_section][vc_row][vc_column][vc_empty_space][vc_custom_heading text=&#8221;Calidad y Confianza en cada Tornillo&#8221; font_container=&#8221;tag:h2|text_align:center|color:%231e73be&#8221; use_theme_fonts=&#8221;yes&#8221;][vc_column_text] &#8220;En Tornillos Casa Blanca, sabemos que cada detalle cuenta. Por eso, ofrecemos tornillos y productos ferreteros de alta calidad que garantizan la seguridad y durabilidad de tus proyectos. Conf\u00eda en nosotros para ser tu proveedor de confianza.&#8221; [\/vc_column_text][\/vc_column][\/vc_row][vc_row][vc_column width=&#8221;1\/2&#8243;][vc_message message_box_style=&#8221;solid-icon&#8221; icon_fontawesome=&#8221;fas fa-phone-alt&#8221;]Cotizaciones 442 550 3435[\/vc_message][\/vc_column][vc_column width=&#8221;1\/2&#8243;][vc_message message_box_color=&#8221;sky&#8221; icon_fontawesome=&#8221;fab fa-facebook-square&#8221;]S\u00edguenos en Facebook[\/vc_message][\/vc_column][\/vc_row][\/vc_section][vc_section][vc_row][vc_column][vc_empty_space height=&#8221;100px&#8221;][vc_custom_heading text=&#8221;Nuestras Promociones&#8221; font_container=&#8221;tag:h2|text_align:center|color:%231e73be&#8221; use_theme_fonts=&#8221;yes&#8221;][\/vc_column][\/vc_row][vc_row content_placement=&#8221;middle&#8221;][vc_column width=&#8221;1\/5&#8243;][\/vc_column][vc_column width=&#8221;1\/5&#8243;][\/vc_column][vc_column width=&#8221;1\/5&#8243;][dt_sc_button title=&#8221;Ver promociones&#8221; size=&#8221;medium&#8221; style=&#8221;filled&#8221; icon_type=&#8221;&#8221; link=&#8221;url:https%3A%2F%2Flinktr.ee%2Ftornilloscasablanca&#8221;][\/vc_column][vc_column width=&#8221;1\/5&#8243;][\/vc_column][vc_column width=&#8221;1\/5&#8243;][\/vc_column][\/vc_row][\/vc_section][vc_section][vc_row][vc_column][vc_empty_space][vc_custom_heading text=&#8221;Cat\u00e1logo&#8221; font_container=&#8221;tag:h2|text_align:center|color:%231e73be&#8221; use_theme_fonts=&#8221;yes&#8221;][\/vc_column][\/vc_row][vc_row content_placement=&#8221;middle&#8221;][vc_column width=&#8221;1\/5&#8243;][\/vc_column][vc_column width=&#8221;1\/5&#8243;][\/vc_column][vc_column width=&#8221;1\/5&#8243;][dt_sc_button title=&#8221;Ver Cat\u00e1logo&#8221; size=&#8221;medium&#8221; style=&#8221;filled&#8221; icon_type=&#8221;&#8221; link=&#8221;url:https%3A%2F%2Ftornilloscasablanca.com.mx%2Fcatalogo|title:Principal&#8221;][\/vc_column][vc_column width=&#8221;1\/5&#8243;][\/vc_column][vc_column width=&#8221;1\/5&#8243;][\/vc_column][\/vc_row][\/vc_section][vc_section][vc_row][vc_column][vc_empty_space height=&#8221;100px&#8221;][vc_custom_heading text=&#8221;Nuestros Productos&#8221; font_container=&#8221;tag:h2|text_align:center|color:%231e73be&#8221; use_theme_fonts=&#8221;yes&#8221;][vc_column_text] &#8220;Desde tornillos y tuercas hasta herramientas y accesorios, en Tornillos Casa Blanca tenemos todo lo que necesitas para completar tus proyectos de construcci\u00f3n, reparaci\u00f3n y bricolaje.&#8221; [\/vc_column_text][\/vc_column][\/vc_row][vc_row][vc_column width=&#8221;1\/5&#8243;][vc_single_image image=&#8221;126&#8243; img_size=&#8221;large&#8221; alignment=&#8221;center&#8221; style=&#8221;vc_box_circle_2&#8243; css_animation=&#8221;fadeIn&#8221;][vc_custom_heading text=&#8221;Tornillos y Tuercas&#8221; font_container=&#8221;tag:h5|text_align:center&#8221; google_fonts=&#8221;font_family:Raleway%3A100%2C200%2C300%2Cregular%2C500%2C600%2C700%2C800%2C900|font_style:700%20bold%20regular%3A700%3Anormal&#8221;][\/vc_column][vc_column width=&#8221;1\/5&#8243;][vc_single_image image=&#8221;131&#8243; img_size=&#8221;large&#8221; alignment=&#8221;center&#8221; style=&#8221;vc_box_circle_2&#8243; css_animation=&#8221;fadeIn&#8221;][vc_custom_heading text=&#8221;Herramientas Manuales&#8221; font_container=&#8221;tag:h5|text_align:center&#8221; google_fonts=&#8221;font_family:Raleway%3A100%2C200%2C300%2Cregular%2C500%2C600%2C700%2C800%2C900|font_style:700%20bold%20regular%3A700%3Anormal&#8221;][\/vc_column][vc_column width=&#8221;1\/5&#8243;][vc_single_image image=&#8221;132&#8243; img_size=&#8221;large&#8221; alignment=&#8221;center&#8221; style=&#8221;vc_box_circle_2&#8243; css_animation=&#8221;fadeIn&#8221;][vc_custom_heading text=&#8221;Herramientas El\u00e9ctricas&#8221; font_container=&#8221;tag:h5|text_align:center&#8221; google_fonts=&#8221;font_family:Raleway%3A100%2C200%2C300%2Cregular%2C500%2C600%2C700%2C800%2C900|font_style:700%20bold%20regular%3A700%3Anormal&#8221;][\/vc_column][vc_column width=&#8221;1\/5&#8243;][vc_single_image image=&#8221;133&#8243; img_size=&#8221;large&#8221; alignment=&#8221;center&#8221; style=&#8221;vc_box_circle_2&#8243; css_animation=&#8221;fadeIn&#8221;][vc_custom_heading text=&#8221;Construcci\u00f3n&#8221; font_container=&#8221;tag:h5|text_align:center&#8221; google_fonts=&#8221;font_family:Raleway%3A100%2C200%2C300%2Cregular%2C500%2C600%2C700%2C800%2C900|font_style:700%20bold%20regular%3A700%3Anormal&#8221;][\/vc_column][vc_column width=&#8221;1\/5&#8243;][vc_single_image image=&#8221;130&#8243; img_size=&#8221;large&#8221; alignment=&#8221;center&#8221; style=&#8221;vc_box_circle_2&#8243; css_animation=&#8221;fadeIn&#8221;][vc_custom_heading text=&#8221;Ferreter\u00eda&#8221; font_container=&#8221;tag:h5|text_align:center&#8221; google_fonts=&#8221;font_family:Raleway%3A100%2C200%2C300%2Cregular%2C500%2C600%2C700%2C800%2C900|font_style:700%20bold%20regular%3A700%3Anormal&#8221;][\/vc_column][\/vc_row][\/vc_section][vc_row][vc_column][vc_empty_space][vc_custom_heading text=&#8221;Sucursales&#8221; font_container=&#8221;tag:h2|text_align:center|color:%231e73be&#8221; use_theme_fonts=&#8221;yes&#8221;][\/vc_column][\/vc_row][vc_row][vc_column width=&#8221;1\/4&#8243;][vc_single_image image=&#8221;96&#8243; img_size=&#8221;MEDIUM&#8221; alignment=&#8221;center&#8221; css_animation=&#8221;bounceIn&#8221;][vc_custom_heading text=&#8221;Santa Rosa&#8221; font_container=&#8221;tag:h5|text_align:center&#8221; use_theme_fonts=&#8221;yes&#8221;][vc_column_text] El Puerto, 76220 Santiago de Quer\u00e9taro, Qro. [\/vc_column_text][\/vc_column][vc_column width=&#8221;1\/4&#8243;][vc_single_image image=&#8221;95&#8243; img_size=&#8221;MEDIUM&#8221; alignment=&#8221;center&#8221; css_animation=&#8221;bounceIn&#8221;][vc_custom_heading text=&#8221;Conin&#8221; font_container=&#8221;tag:h5|text_align:center&#8221; use_theme_fonts=&#8221;yes&#8221;][vc_column_text] Carretera M\u00e9xico- Queretaro km 202+080 s\/n, Cumbres de Conin, L\u00e1zaro C\u00e1rdenas, 76246 Santiago de Quer\u00e9taro, Qro. [\/vc_column_text][\/vc_column][vc_column width=&#8221;1\/4&#8243;][vc_single_image image=&#8221;94&#8243; img_size=&#8221;MEDIUM&#8221; alignment=&#8221;center&#8221; css_animation=&#8221;bounceIn&#8221;][vc_custom_heading text=&#8221;El Pueblito&#8221; font_container=&#8221;tag:h5|text_align:center&#8221; use_theme_fonts=&#8221;yes&#8221;][vc_column_text] Sin nombre No. 117 KM1.25_2, Las Fuentes, 76900 El Pueblito, Qro. [\/vc_column_text][\/vc_column][vc_column width=&#8221;1\/4&#8243;][vc_single_image image=&#8221;91&#8243; img_size=&#8221;MEDIUM&#8221; alignment=&#8221;center&#8221; css_animation=&#8221;bounceIn&#8221;][vc_custom_heading text=&#8221;Casa Blanca&#8221; font_container=&#8221;tag:h5|text_align:center&#8221; use_theme_fonts=&#8221;yes&#8221;][vc_column_text] C. Reforma Agraria 14, Casa Blanca, 76030 Santiago de Quer\u00e9taro, Qro. [\/vc_column_text][\/vc_column][\/vc_row]<\/p>\n","protected":false},"author":1,"featured_media":0,"parent":0,"menu_order":0,"comment_status":"closed","ping_status":"closed","template":"","meta":{"footnotes":""},"class_list":["post-33","page","type-page","status-publish","hentry"],"_links":{"self":[{"href":"https:\/\/tornilloscasablanca.com.mx\/index.php\/wp-json\/wp\/v2\/pages\/33","targetHints":{"allow":["GET"]}}],"collection":[{"href":"https:\/\/tornilloscasablanca.com.mx\/index.php\/wp-json\/wp\/v2\/pages"}],"about":[{"href":"https:\/\/tornilloscasablanca.com.mx\/index.php\/wp-json\/wp\/v2\/types\/page"}],"author":[{"embeddable":true,"href":"https:\/\/tornilloscasablanca.com.mx\/index.php\/wp-json\/wp\/v2\/users\/1"}],"replies":[{"embeddable":true,"href":"https:\/\/tornilloscasablanca.com.mx\/index.php\/wp-json\/wp\/v2\/comments?post=33"}],"version-history":[{"count":33,"href":"https:\/\/tornilloscasablanca.com.mx\/index.php\/wp-json\/wp\/v2\/pages\/33\/revisions"}],"predecessor-version":[{"id":173,"href":"https:\/\/tornilloscasablanca.com.mx\/index.php\/wp-json\/wp\/v2\/pages\/33\/revisions\/173"}],"wp:attachment":[{"href":"https:\/\/tornilloscasablanca.com.mx\/index.php\/wp-json\/wp\/v2\/media?parent=33"}],"curies":[{"name":"wp","href":"https:\/\/api.w.org\/{rel}","templated":true}]}}